{"id":7198,"date":"2026-04-30T15:15:43","date_gmt":"2026-04-30T13:15:43","guid":{"rendered":"https:\/\/gallery-ehrenart.com\/?page_id=7198"},"modified":"2026-04-30T15:28:55","modified_gmt":"2026-04-30T13:28:55","slug":"registration-workshop-sunset-edition","status":"publish","type":"page","link":"https:\/\/gallery-ehrenart.com\/en\/registration-workshop-sunset-edition\/","title":{"rendered":"Registration: Workshop Sunset Edition"},"content":{"rendered":"\t\t<div data-elementor-type=\"wp-page\" data-elementor-id=\"7198\" class=\"elementor elementor-7198 elementor-7184\" data-elementor-post-type=\"page\">\n\t\t\t\t\t\t<section data-particle_enable=\"false\" data-particle-mobile-disabled=\"false\" class=\"elementor-section elementor-top-section elementor-element elementor-element-fc1a888 elementor-section-boxed elementor-section-height-default elementor-section-height-default\" data-id=\"fc1a888\" data-element_type=\"section\" data-e-type=\"section\" data-settings=\"{&quot;background_background&quot;:&quot;classic&quot;}\">\n\t\t\t\t\t\t<div class=\"elementor-container elementor-column-gap-default\">\n\t\t\t\t\t<div class=\"elementor-column elementor-col-100 elementor-top-column elementor-element elementor-element-d1644aa\" data-id=\"d1644aa\" data-element_type=\"column\" data-e-type=\"column\">\n\t\t\t<div class=\"elementor-widget-wrap elementor-element-populated\">\n\t\t\t\t\t\t<section data-particle_enable=\"false\" data-particle-mobile-disabled=\"false\" class=\"elementor-section elementor-inner-section elementor-element elementor-element-24ae721 elementor-section-height-min-height elementor-section-content-bottom grey-effect elementor-section-boxed elementor-section-height-default\" data-id=\"24ae721\" data-element_type=\"section\" data-e-type=\"section\" data-settings=\"{&quot;background_background&quot;:&quot;classic&quot;}\">\n\t\t\t\t\t\t\t<div class=\"elementor-background-overlay\"><\/div>\n\t\t\t\t\t\t\t<div class=\"elementor-container elementor-column-gap-default\">\n\t\t\t\t\t<div class=\"elementor-column elementor-col-100 elementor-inner-column elementor-element elementor-element-b53ad68\" data-id=\"b53ad68\" data-element_type=\"column\" data-e-type=\"column\">\n\t\t\t<div class=\"elementor-widget-wrap elementor-element-populated\">\n\t\t\t\t\t\t<div class=\"elementor-element elementor-element-5d10199 elementor-widget elementor-widget-heading\" data-id=\"5d10199\" data-element_type=\"widget\" data-e-type=\"widget\" data-widget_type=\"heading.default\">\n\t\t\t\t<div class=\"elementor-widget-container\">\n\t\t\t\t\t<h1 class=\"elementor-heading-title elementor-size-default\">Workshop<\/h1>\t\t\t\t<\/div>\n\t\t\t\t<\/div>\n\t\t\t\t\t<\/div>\n\t\t<\/div>\n\t\t\t\t\t<\/div>\n\t\t<\/section>\n\t\t\t\t\t<\/div>\n\t\t<\/div>\n\t\t\t\t\t<\/div>\n\t\t<\/section>\n\t\t\t\t<section data-particle_enable=\"false\" data-particle-mobile-disabled=\"false\" class=\"elementor-section elementor-top-section elementor-element elementor-element-78162e28 elementor-section-boxed elementor-section-height-default elementor-section-height-default\" data-id=\"78162e28\" data-element_type=\"section\" data-e-type=\"section\" data-settings=\"{&quot;background_background&quot;:&quot;classic&quot;}\">\n\t\t\t\t\t\t<div class=\"elementor-container elementor-column-gap-default\">\n\t\t\t\t\t<div class=\"elementor-column elementor-col-100 elementor-top-column elementor-element elementor-element-767e50d1\" data-id=\"767e50d1\" data-element_type=\"column\" data-e-type=\"column\">\n\t\t\t<div class=\"elementor-widget-wrap elementor-element-populated\">\n\t\t\t\t\t\t<section data-particle_enable=\"false\" data-particle-mobile-disabled=\"false\" class=\"elementor-section elementor-inner-section elementor-element elementor-element-35b53f3d elementor-section-boxed elementor-section-height-default elementor-section-height-default\" data-id=\"35b53f3d\" data-element_type=\"section\" data-e-type=\"section\">\n\t\t\t\t\t\t<div class=\"elementor-container elementor-column-gap-no\">\n\t\t\t\t\t<div class=\"elementor-column elementor-col-50 elementor-inner-column elementor-element elementor-element-563e4212\" data-id=\"563e4212\" data-element_type=\"column\" data-e-type=\"column\" data-settings=\"{&quot;background_background&quot;:&quot;slideshow&quot;,&quot;background_slideshow_gallery&quot;:[],&quot;background_slideshow_loop&quot;:&quot;yes&quot;,&quot;background_slideshow_slide_duration&quot;:5000,&quot;background_slideshow_slide_transition&quot;:&quot;fade&quot;,&quot;background_slideshow_transition_duration&quot;:500}\">\n\t\t\t<div class=\"elementor-widget-wrap elementor-element-populated\">\n\t\t\t\t\t\t<div class=\"elementor-element elementor-element-5500266 elementor-widget elementor-widget-image\" data-id=\"5500266\" data-element_type=\"widget\" data-e-type=\"widget\" data-widget_type=\"image.default\">\n\t\t\t\t<div class=\"elementor-widget-container\">\n\t\t\t\t\t\t\t\t\t\t\t\t\t\t\t<img fetchpriority=\"high\" decoding=\"async\" width=\"659\" height=\"1024\" src=\"https:\/\/gallery-ehrenart.com\/wp-content\/uploads\/2026\/04\/WhatsApp-Image-2026-04-29-at-15.05.21-659x1024.jpeg\" class=\"attachment-large size-large wp-image-7185\" alt=\"Gepflegter Schwede mit Charakter? \ud83d\ude0f Sichere dir den Saab 9-3 SE Coup\u00e9 in der Kultgarage! Zum Verkauf steht ein au\u00dfergew\u00f6hnlich gepflegtes Saab 9-3 SE Coup\u00e9, das zeigt, warum Saab heute mehr denn je Liebhaber hat. Dieses Fahrzeug wurde seit seiner Auslieferung 1998 kontinuierlich gewartet und in den letzten Jahren mit rund 13.000 \u20ac technisch und optisch erhalten. Kein Showcar \u2013 sondern ein ehrlicher Klassiker mit Substanz. Besonders selten: die elegante Farbkombination Skarab\u00e4us Gr\u00fcn Metallic mit beigem Leder und Wurzelholzdekor. Die Karosserie wurde im Originalfarbton neu lackiert, der Innenraum pr\u00e4sentiert sich gepflegt, der originale Dachhimmel ist erhalten \u2013 eine echte Ausnahme. Typische Saab-Themen wurden fachm\u00e4nnisch erledigt: \u00fcberarbeitete Displays ohne Pixelfehler, neu bezogenes Lederlenkrad, gepflegte Schaltkomponenten, Roststellen sachgerecht instandgesetzt. Dezent sportlich abgestimmt mit originalen Saab 17-Zoll-Felgen, Eibach-Federn und einem Maptun Sport-Endtopf (angenehm, nicht aufdringlich). Ein Saab f\u00fcr Kenner, die Wert auf Pflege, Historie und Fahrgef\u00fchl legen \u2013 kein Neuwagen, sondern ein Fahrzeug mit Charakter und nachvollziehbarer Laufleistung. \ud83d\udccd Standort: Hamburg \ud83d\udcde Kontakt gerne telefonisch \u2013 ein pers\u00f6nliches Gespr\u00e4ch sagt mehr als jede Nachricht. #Kultgarage #Saab #Saab93 #Saab93SE #SaabClassic Youngtimer SchwedischeIngenieurskunst AutoKlassiker Automobilkultur Fahrkultur Hamburg ClassicCars CarCollectors SaabLove SaabNation Kultauto KlassikerMitGeschichte\" srcset=\"https:\/\/gallery-ehrenart.com\/wp-content\/uploads\/2026\/04\/WhatsApp-Image-2026-04-29-at-15.05.21-659x1024.jpeg 659w, https:\/\/gallery-ehrenart.com\/wp-content\/uploads\/2026\/04\/WhatsApp-Image-2026-04-29-at-15.05.21-193x300.jpeg 193w, https:\/\/gallery-ehrenart.com\/wp-content\/uploads\/2026\/04\/WhatsApp-Image-2026-04-29-at-15.05.21-768x1194.jpeg 768w, https:\/\/gallery-ehrenart.com\/wp-content\/uploads\/2026\/04\/WhatsApp-Image-2026-04-29-at-15.05.21.jpeg 891w\" sizes=\"(max-width: 659px) 100vw, 659px\" \/>\t\t\t\t\t\t\t\t\t\t\t\t\t\t\t<\/div>\n\t\t\t\t<\/div>\n\t\t\t\t\t<\/div>\n\t\t<\/div>\n\t\t\t\t<div class=\"elementor-column elementor-col-50 elementor-inner-column elementor-element elementor-element-61d1b1a9\" data-id=\"61d1b1a9\" data-element_type=\"column\" data-e-type=\"column\" data-settings=\"{&quot;background_background&quot;:&quot;classic&quot;}\">\n\t\t\t<div class=\"elementor-widget-wrap elementor-element-populated\">\n\t\t\t\t\t\t<div class=\"elementor-element elementor-element-a8cd5e3 elementor-widget elementor-widget-heading\" data-id=\"a8cd5e3\" data-element_type=\"widget\" data-e-type=\"widget\" data-widget_type=\"heading.default\">\n\t\t\t\t<div class=\"elementor-widget-container\">\n\t\t\t\t\t<h1 class=\"elementor-heading-title elementor-size-default\">\"SUNSET EDITION\"<br>WITH G\u00dcLENAY SARI<\/h1>\t\t\t\t<\/div>\n\t\t\t\t<\/div>\n\t\t\t\t<div class=\"elementor-element elementor-element-6bf9743 elementor-widget-divider--view-line elementor-widget elementor-widget-divider\" data-id=\"6bf9743\" data-element_type=\"widget\" data-e-type=\"widget\" data-widget_type=\"divider.default\">\n\t\t\t\t<div class=\"elementor-widget-container\">\n\t\t\t\t\t\t\t<div class=\"elementor-divider\">\n\t\t\t<span class=\"elementor-divider-separator\">\n\t\t\t\t\t\t<\/span>\n\t\t<\/div>\n\t\t\t\t\t\t<\/div>\n\t\t\t\t<\/div>\n\t\t\t\t<div class=\"elementor-element elementor-element-cb92b44 elementor-widget elementor-widget-text-editor\" data-id=\"cb92b44\" data-element_type=\"widget\" data-e-type=\"widget\" data-widget_type=\"text-editor.default\">\n\t\t\t\t<div class=\"elementor-widget-container\">\n\t\t\t\t\t\t\t\t\t<p>Register now for the \u2018Sunset Edition\u2019 workshop by G\u00fclenay Sari on 16 May 2026 at the Gallery Ehren Art in Cologne.<\/p>\t\t\t\t\t\t\t\t<\/div>\n\t\t\t\t<\/div>\n\t\t\t\t<div class=\"elementor-element elementor-element-a10e2c3 elementor-widget-divider--view-line elementor-widget elementor-widget-divider\" data-id=\"a10e2c3\" data-element_type=\"widget\" data-e-type=\"widget\" data-widget_type=\"divider.default\">\n\t\t\t\t<div class=\"elementor-widget-container\">\n\t\t\t\t\t\t\t<div class=\"elementor-divider\">\n\t\t\t<span class=\"elementor-divider-separator\">\n\t\t\t\t\t\t<\/span>\n\t\t<\/div>\n\t\t\t\t\t\t<\/div>\n\t\t\t\t<\/div>\n\t\t\t\t<div class=\"elementor-element elementor-element-318a23f elementor-button-align-start elementor-widget elementor-widget-form\" data-id=\"318a23f\" data-element_type=\"widget\" data-e-type=\"widget\" data-settings=\"{&quot;step_next_label&quot;:&quot;Next&quot;,&quot;step_previous_label&quot;:&quot;Previous&quot;,&quot;button_width&quot;:&quot;100&quot;,&quot;step_type&quot;:&quot;number_text&quot;,&quot;step_icon_shape&quot;:&quot;circle&quot;}\" data-widget_type=\"form.default\">\n\t\t\t\t<div class=\"elementor-widget-container\">\n\t\t\t\t\t\t\t<form class=\"elementor-form\" method=\"post\" name=\"No Doubt\">\n\t\t\t<input type=\"hidden\" name=\"post_id\" value=\"7198\"\/>\n\t\t\t<input type=\"hidden\" name=\"form_id\" value=\"318a23f\"\/>\n\t\t\t<input type=\"hidden\" name=\"referer_title\" value=\"Registration: Workshop Sunset Edition\" \/>\n\n\t\t\t\t\t\t\t<input type=\"hidden\" name=\"queried_id\" value=\"7198\"\/>\n\t\t\t\n\t\t\t<div class=\"elementor-form-fields-wrapper elementor-labels-above\">\n\t\t\t\t\t\t\t\t<div class=\"elementor-field-type-text elementor-field-group elementor-column elementor-field-group-name elementor-col-50 elementor-field-required elementor-mark-required\">\n\t\t\t\t\t\t\t\t\t\t\t\t<label for=\"form-field-name\" class=\"elementor-field-label\">\n\t\t\t\t\t\t\t\tFirst name\t\t\t\t\t\t\t<\/label>\n\t\t\t\t\t\t\t\t\t\t\t\t\t\t<input size=\"1\" type=\"text\" name=\"form_fields[name]\" id=\"form-field-name\" class=\"elementor-field elementor-size-sm  elementor-field-textual\" placeholder=\"First name\" required=\"required\" aria-required=\"true\">\n\t\t\t\t\t\t\t\t\t\t\t<\/div>\n\t\t\t\t\t\t\t\t<div class=\"elementor-field-type-text elementor-field-group elementor-column elementor-field-group-last_name elementor-col-50 elementor-field-required elementor-mark-required\">\n\t\t\t\t\t\t\t\t\t\t\t\t<label for=\"form-field-last_name\" class=\"elementor-field-label\">\n\t\t\t\t\t\t\t\tLast name\t\t\t\t\t\t\t<\/label>\n\t\t\t\t\t\t\t\t\t\t\t\t\t\t<input size=\"1\" type=\"text\" name=\"form_fields[last_name]\" id=\"form-field-last_name\" class=\"elementor-field elementor-size-sm  elementor-field-textual\" placeholder=\"Last name\" required=\"required\" aria-required=\"true\">\n\t\t\t\t\t\t\t\t\t\t\t<\/div>\n\t\t\t\t\t\t\t\t<div class=\"elementor-field-type-email elementor-field-group elementor-column elementor-field-group-email elementor-col-50 elementor-field-required elementor-mark-required\">\n\t\t\t\t\t\t\t\t\t\t\t\t<label for=\"form-field-email\" class=\"elementor-field-label\">\n\t\t\t\t\t\t\t\tEmail\t\t\t\t\t\t\t<\/label>\n\t\t\t\t\t\t\t\t\t\t\t\t\t\t<input size=\"1\" type=\"email\" name=\"form_fields[email]\" id=\"form-field-email\" class=\"elementor-field elementor-size-sm  elementor-field-textual\" placeholder=\"example@email.de\" required=\"required\" aria-required=\"true\">\n\t\t\t\t\t\t\t\t\t\t\t<\/div>\n\t\t\t\t\t\t\t\t<div class=\"elementor-field-type-tel elementor-field-group elementor-column elementor-field-group-field_c9ed75b elementor-col-50 elementor-field-required elementor-mark-required\">\n\t\t\t\t\t\t\t\t\t\t\t\t<label for=\"form-field-field_c9ed75b\" class=\"elementor-field-label\">\n\t\t\t\t\t\t\t\tPhone\t\t\t\t\t\t\t<\/label>\n\t\t\t\t\t\t\t\t<input size=\"1\" type=\"tel\" name=\"form_fields[field_c9ed75b]\" id=\"form-field-field_c9ed75b\" class=\"elementor-field elementor-size-sm  elementor-field-textual\" placeholder=\"Phone\" required=\"required\" aria-required=\"true\" pattern=\"[0-9()#&amp;+*-=.]+\" title=\"Only numbers and phone characters (#, -, *, etc) are accepted.\">\n\n\t\t\t\t\t\t<\/div>\n\t\t\t\t\t\t\t\t<div class=\"elementor-field-type-text elementor-field-group elementor-column elementor-field-group-field_1756a67 elementor-col-100 elementor-field-required elementor-mark-required\">\n\t\t\t\t\t\t\t\t\t\t\t\t<label for=\"form-field-field_1756a67\" class=\"elementor-field-label\">\n\t\t\t\t\t\t\t\tNumber of paid tickets\t\t\t\t\t\t\t<\/label>\n\t\t\t\t\t\t\t\t\t\t\t\t\t\t<input size=\"1\" type=\"text\" name=\"form_fields[field_1756a67]\" id=\"form-field-field_1756a67\" class=\"elementor-field elementor-size-sm  elementor-field-textual\" placeholder=\"1-5\" required=\"required\" aria-required=\"true\">\n\t\t\t\t\t\t\t\t\t\t\t<\/div>\n\t\t\t\t\t\t\t\t<div class=\"elementor-field-type-acceptance elementor-field-group elementor-column elementor-field-group-field_18b973b elementor-col-100 elementor-field-required elementor-mark-required\">\n\t\t\t\t\t\t\t<div class=\"elementor-field-subgroup\">\n\t\t\t<span class=\"elementor-field-option\">\n\t\t\t\t<input type=\"checkbox\" name=\"form_fields[field_18b973b]\" id=\"form-field-field_18b973b\" class=\"elementor-field elementor-size-sm  elementor-acceptance-field\" required=\"required\" aria-required=\"true\">\n\t\t\t\t<label for=\"form-field-field_18b973b\">I hereby confirm that I have read and accepted the privacy policy and agree that the organiser may contact me if they have any queries.<\/label>\t\t\t<\/span>\n\t\t<\/div>\n\t\t\t\t\t\t<\/div>\n\t\t\t\t\t\t\t\t<div class=\"elementor-field-group elementor-column elementor-field-type-submit elementor-col-100 e-form__buttons\">\n\t\t\t\t\t<button class=\"elementor-button elementor-size-sm\" type=\"submit\">\n\t\t\t\t\t\t<span class=\"elementor-button-content-wrapper\">\n\t\t\t\t\t\t\t\t\t\t\t\t\t\t\t\t\t\t\t\t\t\t<span class=\"elementor-button-text\">Book now<\/span>\n\t\t\t\t\t\t\t\t\t\t\t\t\t<\/span>\n\t\t\t\t\t<\/button>\n\t\t\t\t<\/div>\n\t\t\t<\/div>\n\t\t<input\n                    class=\"apbct_special_field apbct_email_id__elementor_form\"\n                    name=\"apbct__email_id__elementor_form\"\n                    aria-label=\"apbct__label_id__elementor_form\"\n                    type=\"text\" size=\"30\" maxlength=\"200\" autocomplete=\"off\"\n                    value=\"\"\n                \/><\/form>\n\t\t\t\t\t\t<\/div>\n\t\t\t\t<\/div>\n\t\t\t\t\t<\/div>\n\t\t<\/div>\n\t\t\t\t\t<\/div>\n\t\t<\/section>\n\t\t\t\t\t<\/div>\n\t\t<\/div>\n\t\t\t\t\t<\/div>\n\t\t<\/section>\n\t\t\t\t<\/div>\n\t\t","protected":false},"excerpt":{"rendered":"<p>Workshop &#8220;SUNSET EDITION&#8221;WITH G\u00dcLENAY SARI Register now for the \u2018Sunset Edition\u2019 workshop by G\u00fclenay Sari on 16 May 2026 at the Gallery Ehren Art in Cologne.<\/p>\n","protected":false},"author":4,"featured_media":7186,"parent":0,"menu_order":0,"comment_status":"closed","ping_status":"closed","template":"","meta":{"_acf_changed":false,"footnotes":""},"class_list":["post-7198","page","type-page","status-publish","has-post-thumbnail","hentry"],"acf":[],"aioseo_notices":[],"_links":{"self":[{"href":"https:\/\/gallery-ehrenart.com\/en\/wp-json\/wp\/v2\/pages\/7198","targetHints":{"allow":["GET"]}}],"collection":[{"href":"https:\/\/gallery-ehrenart.com\/en\/wp-json\/wp\/v2\/pages"}],"about":[{"href":"https:\/\/gallery-ehrenart.com\/en\/wp-json\/wp\/v2\/types\/page"}],"author":[{"embeddable":true,"href":"https:\/\/gallery-ehrenart.com\/en\/wp-json\/wp\/v2\/users\/4"}],"replies":[{"embeddable":true,"href":"https:\/\/gallery-ehrenart.com\/en\/wp-json\/wp\/v2\/comments?post=7198"}],"version-history":[{"count":15,"href":"https:\/\/gallery-ehrenart.com\/en\/wp-json\/wp\/v2\/pages\/7198\/revisions"}],"predecessor-version":[{"id":7214,"href":"https:\/\/gallery-ehrenart.com\/en\/wp-json\/wp\/v2\/pages\/7198\/revisions\/7214"}],"wp:featuredmedia":[{"embeddable":true,"href":"https:\/\/gallery-ehrenart.com\/en\/wp-json\/wp\/v2\/media\/7186"}],"wp:attachment":[{"href":"https:\/\/gallery-ehrenart.com\/en\/wp-json\/wp\/v2\/media?parent=7198"}],"curies":[{"name":"wp","href":"https:\/\/api.w.org\/{rel}","templated":true}]}}